{"id":1245,"date":"2020-05-16T13:27:03","date_gmt":"2020-05-16T10:27:03","guid":{"rendered":"https:\/\/logoth.wpnet.upatras.gr\/?page_id=1245"},"modified":"2023-03-30T10:42:31","modified_gmt":"2023-03-30T07:42:31","slug":"ilias-papathanasioy","status":"publish","type":"page","link":"https:\/\/logoth.upatras.gr\/en\/faculty\/ilias-papathanasioy\/","title":{"rendered":"ILIAS PAPATHANASIOU"},"content":{"rendered":"<div class=\"article-header\"><\/div>\n<div align=\"center\"><\/div>\n<h5 align=\"center\"><\/h5>\n<p>&nbsp;<\/p>\n<div align=\"center\"><\/div>\n<div align=\"center\"><\/div>\n<div align=\"center\"><\/div>\n<p style=\"padding-left: 80px;\"><span style=\"color: #000000;\"><img loading=\"lazy\" decoding=\"async\" class=\"alignleft wp-image-1229\" src=\"https:\/\/wpnet.upatras.gr\/wp-content\/uploads\/sites\/228\/2020\/05\/\u03c0\u03b1\u03c0\u03b1\u03b8\u03b1\u03bd\u03b1\u03c3\u03af\u03bf\u03c5.jpg\" alt=\"\" width=\"180\" height=\"180\" srcset=\"https:\/\/logoth.upatras.gr\/wp-content\/uploads\/sites\/228\/2020\/05\/\u03c0\u03b1\u03c0\u03b1\u03b8\u03b1\u03bd\u03b1\u03c3\u03af\u03bf\u03c5.jpg 160w, https:\/\/logoth.upatras.gr\/wp-content\/uploads\/sites\/228\/2020\/05\/\u03c0\u03b1\u03c0\u03b1\u03b8\u03b1\u03bd\u03b1\u03c3\u03af\u03bf\u03c5-150x150.jpg 150w\" sizes=\"auto, (max-width: 180px) 100vw, 180px\" \/><\/span><\/p>\n<div align=\"center\">\n<h4 style=\"text-align: left;\"><span style=\"color: #000000;\"><span style=\"color: #993300;\"><strong>ILIAS PAPATHANASIOU<\/strong><\/span><strong><br \/>\n<\/strong><strong>PhD, MSc, BSc(Hons), BEd, BSc, FRCSLT, MCSP,\u00a0 SRP, ASHA Fellow<\/strong><\/span><\/h4>\n<p style=\"text-align: left;\"><span style=\"color: #000000;\"><strong>PROFESSOR OF SPEECH AND LANGUAGE THERAPY- PATHOLOGY WITH EMPHASIS ON APHASIA<\/strong><\/span><\/p>\n<\/div>\n<div align=\"center\">\n<p style=\"text-align: left;\"><strong><span style=\"color: #000000;\">Phone : (+30) 2610 962807<br \/>\nEmail : <a href=\"mailto:ipapatha@upatras.gr\">ipapatha@upatras.gr<\/a>, <a href=\"mailto:ipapatha@otenet.gr\">ipapatha@otenet.gr<\/a><\/span><\/strong><\/p>\n<\/div>\n<p>&nbsp;<\/p>\n<div align=\"center\">\n<p><span style=\"color: #000000;\"><strong>ACADEMIC TITLES<\/strong><\/span><\/p>\n<\/div>\n<ul>\n<li><span style=\"color: #000000;\">1996-2002\u00a0\u00a0\u00a0\u00a0\u00a0\u00a0 Institute of Neurology, University College London<\/span><br \/>\n<span style=\"color: #000000;\"><strong>\u00a0 \u00a0 \u00a0 \u00a0 \u00a0 \u00a0 \u00a0 \u00a0 \u00a0 \u00a0 \u00a0 \u00a0 \u00a0 Doctor of Philosophy in Clinical Neurology<\/strong>\u00a0<\/span><\/li>\n<li><span style=\"color: #000000;\">1994- 1995 \u00a0\u00a0\u00a0\u00a0 St George&#8217;s Hospital Medical School, University of London<\/span><br \/>\n<span style=\"color: #000000;\"><strong>\u00a0 \u00a0 \u00a0 \u00a0 \u00a0 \u00a0 \u00a0 \u00a0 \u00a0 \u00a0 \u00a0 \u00a0 \u00a0 \u00a0Master of Sciences in Health Sciences<\/strong><\/span><\/li>\n<li><span style=\"color: #000000;\">1989-1993 \u00a0 \u00a0 \u00a0 University College London &#8211; National Hospital&#8217;s College of Speech Sciences.<\/span><br \/>\n<span style=\"color: #000000;\"><strong>\u00a0 \u00a0 \u00a0 \u00a0 \u00a0 \u00a0 \u00a0 \u00a0 \u00a0 \u00a0 \u00a0 \u00a0 \u00a0 Bachelor of Sciences (Hons) in Speech Sciences &#8211; Speech &amp; Language Therapy<\/strong><\/span><\/li>\n<li><span style=\"color: #000000;\">1987-1988\u00a0\u00a0\u00a0\u00a0\u00a0\u00a0 Pedagogical Academy of Thessaloniki<\/span><br \/>\n<span style=\"color: #000000;\"><strong>\u00a0 \u00a0 \u00a0 \u00a0 \u00a0 \u00a0 \u00a0 \u00a0 \u00a0 \u00a0 \u00a0 \u00a0 \u00a0 \u00a0Bachelor of Education<\/strong><\/span><\/li>\n<li><span style=\"color: #000000;\">1984-1987\u00a0 \u00a0 \u00a0 \u00a0Technological Educational Institute of Thessaloniki, School of Health and Social welfare, Department of Physiotherapy.<\/span><br \/>\n<span style=\"color: #000000;\"><strong>\u00a0 \u00a0 \u00a0 \u00a0 \u00a0 \u00a0 \u00a0 \u00a0 \u00a0 \u00a0 \u00a0 \u00a0 \u00a0 \u00a0<\/strong><strong>Bachelor of Sciences in <\/strong><strong>Physiotherapy<\/strong><\/span><\/li>\n<\/ul>\n<div align=\"center\">\n<p><span style=\"color: #000000;\"><strong>RESEARCH INTERESTS<\/strong><\/span><\/p>\n<p style=\"text-align: left; padding-left: 80px;\"><span style=\"color: #000000;\">Aphasia and related acquired language disorders<br \/>\nVoice Disorders<br \/>\nVoice disorders in performing arts<br \/>\nCommunication Disorders in Oncological patients<\/span><\/p>\n<p><span style=\"color: #000000;\"><strong>TEACHING<\/strong><\/span><\/p>\n<p style=\"text-align: left; padding-left: 80px;\">Undergraduate<\/p>\n<ul>\n<li style=\"text-align: left;\"><span style=\"color: #000000;\"><span style=\"color: #333333;\">SLT_106 <\/span>Introduction to Speech and Language Pathology<\/span><\/li>\n<li style=\"text-align: left;\"><span style=\"color: #000000;\"><span style=\"color: #333333;\">SLT_405 <\/span>Voice Disorders<\/span><\/li>\n<li style=\"text-align: left;\"><span style=\"color: #000000;\"><span style=\"color: #333333;\">SLT_504 <\/span>Aphasia and Related Communication Disorders<\/span><\/li>\n<li style=\"text-align: left;\"><span style=\"color: #000000;\"><span style=\"color: #333333;\">SLT_602 <\/span>Acquired Cognitive-Linguistic Communication Disorders<\/span><\/li>\n<\/ul>\n<p style=\"text-align: center;\"><span style=\"color: #000000;\"><strong>Honors and Awards<\/strong><\/span><\/p>\n<p style=\"padding-left: 80px; text-align: left;\"><span style=\"color: #000000;\">2008 &#8211; \u00a0<strong>Fellow\u00a0of\u00a0the\u00a0Royal\u00a0College\u00a0of\u00a0Speech &amp; LanguageTherapist (FRCSLT),\u00a0<\/strong>UK \u03b3\u03b9\u03b1 \u03c4\u03b7\u03bd \u03c3\u03c5\u03bd\u03b5\u03b9\u03c3\u03c6\u03bf\u03c1\u03ac \u03bc\u03bf\u03c5 \u03c3\u03c4\u03bf \u03b5\u03c0\u03ac\u03b3\u03b3\u03b5\u03bb\u03bc\u03b1 \u03c4\u03b7\u03c2 \u039b\u03bf\u03b3\u03bf\u03b8\u03b5\u03c1\u03b1\u03c0\u03b5\u03af\u03b1\u03c2<\/span><\/p>\n<p style=\"padding-left: 80px; text-align: left;\"><span style=\"color: #000000;\">2013 &#8211; <strong>Certificate of merit from American Speech Language Hearing Association (ASHA) <\/strong>for my contribution as member of theeditorial board of the journal \u201cASHA Perspectives Special Interest Group 17 on Global Issues\u201d<\/span><\/p>\n<p style=\"padding-left: 80px; text-align: left;\"><span style=\"color: #000000;\">2014 &#8211; <strong>Fellow of the American Speech Language Hearing Association (ASHA)<\/strong><\/span><\/p>\n<p style=\"padding-left: 80px; text-align: left;\"><span style=\"color: #000000;\">2018 &#8211; <strong>Meritorious Poster Award<\/strong> ASHA Convention<\/span><\/p>\n<p style=\"text-align: left; padding-left: 80px;\"><span style=\"color: #000000;\">2020 &#8211; <strong>Certificate of Recognition for Outstanding Contributions in International Achievement of the American Speech-Language-Hearing Association <\/strong>(ASHA)<\/span><\/p>\n<div align=\"center\">\n<p><span style=\"color: #000000;\"><strong>Other appointments<\/strong><\/span><\/p>\n<ul>\n<li style=\"text-align: left;\"><span style=\"color: #000000;\">Visiting Professor of the ENT University Clinic of the Medical School of the National Kapodistrian University of Athens<\/span><\/li>\n<\/ul>\n<\/div>\n<div align=\"center\">\n<p><span style=\"color: #000000;\"><strong>EDITORIAL BOARD TO PEER REVIEWED SCIENTIFIC JOURNALS<\/strong><\/span><\/p>\n<ul>\n<li style=\"text-align: left;\"><span style=\"color: #000000;\">Aphasiology<\/span><\/li>\n<li style=\"text-align: left;\"><span style=\"color: #000000;\">Seminars in Speech and Language<\/span><\/li>\n<li style=\"text-align: left;\"><span style=\"color: #000000;\">Communication Disorders Quarterly<\/span><\/li>\n<li style=\"text-align: left;\"><span style=\"color: #000000;\">Clinical Archives of Communication Disorders ( Official journal of the The Korean Association of Speech-Language Pathologists)<\/span><\/li>\n<\/ul>\n<p><strong style=\"color: #000000;\">SELECTED PUBLICATION<\/strong><\/p>\n<\/div>\n<\/div>\n<p style=\"padding-left: 40px;\"><span style=\"color: #000000;\"><strong><u>Books:<\/u><\/strong><\/span><\/p>\n<ul>\n<li><span style=\"color: #000000;\">Papathanasiou I. &amp; Coppens P. (ed) (2021) Aphasia and related neurogenic communication disorders. Johns and Bartlett Learning Publications 3rd edition.<\/span><\/li>\n<li><span style=\"color: #000000;\">Papathanasiou I, Coppens P, Potagas C (2012): \u201cAphasia and related communication disorders\u201d, Johns and Bartlett Publications, Boston , MA<\/span><\/li>\n<li><span style=\"color: #000000;\">Papathanasiou I, Coppens P, (2016): \u201cAphasia and related communication disorders\u201d, Johns and Bartlett Publications, Boston , MA 2<sup>nd<\/sup>\u00a0edition<\/span><\/li>\n<li><span style=\"color: #000000;\">Papathanasiou I., de Blesser R. (2003): The Sciences of aphasia: From therapy to theory, Elsevier publishers, Oxford<\/span><\/li>\n<li><span style=\"color: #000000;\">Papathanasiou I., (2000): Acquired Neurogenic Communication Disorders: A Clinical Perspective, Whurr Publishers, London.<\/span><\/li>\n<\/ul>\n<p style=\"padding-left: 40px;\"><span style=\"color: #000000;\"><strong><u>Recent peer reviewed publications<\/u><\/strong><\/span><\/p>\n<ul>\n<li><span style=\"color: #000000;\">Code C, <strong>Papathanasiou I<\/strong>, Rubio-Bruno S, de la Paz Cabana M , Villanueva MM,\u00a0 Haaland-Johansen L,\u00a0 Prizl-Jakovac T, Leko A, Zemva N, Patterson R, Berry R, Rochon E, Leonard C and Robert A (2016) \u201c<a style=\"color: #000000;\" href=\"http:\/\/onlinelibrary.wiley.com\/doi\/10.1111\/1460-6984.12204\/full\">International patterns of the public awareness of aphasia<\/a>\u201d, <u>International Journal of Language &amp; Communication Disorders<\/u> Volume 51, Issue 3, : 276\u2013284<\/span><\/li>\n<li><span style=\"color: #000000;\">Kladouchou V,\u00a0 <strong>Papathanasiou<\/strong> <strong>I<\/strong>,\u00a0 Efstratiadou EA,\u00a0Christaki V,\u00a0Hilari K (In press): \u201c<a style=\"color: #000000;\" href=\"http:\/\/onlinelibrary.wiley.com\/doi\/10.1111\/1460-6984.12311\/abstract\">Treatment Integrity of Elaborated Semantic Feature Analysis Aphasia Therapy Delivered in Individual and Group Settings<\/a><u>\u201d <\/u><a style=\"color: #000000;\" href=\"http:\/\/onlinelibrary.wiley.com\/journal\/10.1111\/(ISSN)1460-6984\">International Journal of Language &amp; Communication Disorders<\/a> \u00a0Vol 52(6):733-749 DOI:10.1111\/1460-6984.12311<\/span><\/li>\n<li><span style=\"color: #000000;\">Efstratiadou, E.A., <strong>Papathanasiou, I.<\/strong>, Holland, R., Archonti, A., &amp; Hilari, K. (2018). A Systematic Review of Semantic Feature Analysis Therapy Studies for Aphasia. <u>Journal Of Speech Language And Hearing Research,<\/u><em> 61<\/em>(5), 1261-1278. doi: 10.1044\/2018_jslhr-l-16-0330<\/span><\/li>\n<li><span style=\"color: #000000;\"><strong>Papathanasiou I<\/strong> (2018): International classification of functioning, Disability and Health and Clinical Education , <u>Perspectives of the ASHA Special Interest Groups SiG 17<\/u>, Vol 3 (part 2) p 93-98<\/span><\/li>\n<li><span style=\"color: #000000;\">Efstratiadou EA, <strong>Papathanasiou I<\/strong>, Holland R, Varlokosta S &amp; Hilari K\u00a0(2019):\u00a0Efficacy of elaborated semantic features analysis in Aphasia: a quasi-randomised controlled trial,\u00a0<u>Aphasiology<\/u>, 33:12, 1482-503,OI: <a style=\"color: #000000;\" href=\"https:\/\/doi.org\/10.1080\/02687038.2019.1571558\">10.1080\/02687038.2019.1571558<\/a><\/span><\/li>\n<li><span style=\"color: #000000;\">Marian C. Brady, Myzoon Ali, Kathryn VandenBerg, Linda J. Williams, Louise R. Williams, Masahiro Abo, Frank Becker, Audrey Bowen, Caitlin Brandenburg, Caterina Breitenstein, Stefanie Bruehl, David A. Copland, Tamara B. Cranfill, Marie di Pietro-Bachmann, Pamela Enderby, Joanne Fillingham, Federica Lucia Galli, Marialuisa Gandolfi, Bertrand Glize, Erin Godecke, Neil Hawkins, Katerina Hilari, Jacqueline Hinckley, Simon Horton, David Howard, Petra Jaecks, Elizabeth Jefferies, Luis M. T. Jesus, Maria Kambanaros, Eun Kyoung Kang, Eman M. Khedr, Anthony Pak-Hin Kong, Tarja Kukkonen, Marina Laganaro, Matthew A. Lambon Ralph, Ann Charlotte Laska, B\u00e9atrice Leemann, Alexander P. Leff, Roxele R. Lima, Antje Lorenz, Brian MacWhinney, Rebecca Shisler Marshall, Flavia Mattioli, \u0130lknur Mavi\u015f, Marcus Meinzer, Reza Nilipour, Enrique No\u00e9, Nam-Jong Paik, Rebecca Palmer, <strong>Ilias Papathanasiou<\/strong>, Brigida F. Patricio, Isabel Pav\u00e3o Martins, Cathy Price, Tatjana Prizl Jakovac, Elizabeth Rochon, Miranda L. Rose, Charlotte Rosso, Ilona Rubi-Fessen, Marina B. Ruiter, Claerwen Snell, Benjamin Stahl, Jerzy P. Szaflarski, Shirley A. Thomas, Mieke van de Sandt-Koenderman, Ineke van der Meulen, Evy Visch-Brink, Linda Worrall &amp; Heather Harris Wright\u00a0(2020)\u00a0RELEASE: a protocol for a systematic review based, individual participant data, meta- and network meta-analysis, of complex speech-language therapy interventions for stroke-related aphasia,\u00a0<u>Aphasiology<\/u>,\u00a034:2,\u00a0137-157,\u00a0DOI:\u00a0<a style=\"color: #000000;\" href=\"https:\/\/doi.org\/10.1080\/02687038.2019.1643003\">10.1080\/02687038.2019.1643003<\/a><\/span><\/li>\n<\/ul>\n","protected":false},"excerpt":{"rendered":"<p>&nbsp; ILIAS PAPATHANASIOU PhD, MSc, BSc(Hons), BEd, BSc, FRCSLT, MCSP,\u00a0 SRP, ASHA Fellow PROFESSOR OF SPEECH AND LANGUAGE THERAPY- PATHOLOGY WITH EMPHASIS ON APHASIA Phone : (+30) 2610 962807 Email : ipapatha@upatras.gr, ipapatha@otenet.gr &nbsp; ACADEMIC TITLES 1996-2002\u00a0\u00a0\u00a0\u00a0\u00a0\u00a0 Institute of Neurology, University College London \u00a0 \u00a0 \u00a0 \u00a0 \u00a0 \u00a0 \u00a0 \u00a0 \u00a0 \u00a0 \u00a0 \u00a0&hellip;<\/p>\n","protected":false},"author":261,"featured_media":0,"parent":1071,"menu_order":0,"comment_status":"closed","ping_status":"closed","template":"","meta":{"footnotes":""},"class_list":["post-1245","page","type-page","status-publish","hentry"],"_links":{"self":[{"href":"https:\/\/logoth.upatras.gr\/en\/wp-json\/wp\/v2\/pages\/1245","targetHints":{"allow":["GET"]}}],"collection":[{"href":"https:\/\/logoth.upatras.gr\/en\/wp-json\/wp\/v2\/pages"}],"about":[{"href":"https:\/\/logoth.upatras.gr\/en\/wp-json\/wp\/v2\/types\/page"}],"author":[{"embeddable":true,"href":"https:\/\/logoth.upatras.gr\/en\/wp-json\/wp\/v2\/users\/261"}],"replies":[{"embeddable":true,"href":"https:\/\/logoth.upatras.gr\/en\/wp-json\/wp\/v2\/comments?post=1245"}],"version-history":[{"count":22,"href":"https:\/\/logoth.upatras.gr\/en\/wp-json\/wp\/v2\/pages\/1245\/revisions"}],"predecessor-version":[{"id":6461,"href":"https:\/\/logoth.upatras.gr\/en\/wp-json\/wp\/v2\/pages\/1245\/revisions\/6461"}],"up":[{"embeddable":true,"href":"https:\/\/logoth.upatras.gr\/en\/wp-json\/wp\/v2\/pages\/1071"}],"wp:attachment":[{"href":"https:\/\/logoth.upatras.gr\/en\/wp-json\/wp\/v2\/media?parent=1245"}],"curies":[{"name":"wp","href":"https:\/\/api.w.org\/{rel}","templated":true}]}}